{"id":578,"date":"2023-08-07T06:29:29","date_gmt":"2023-08-07T09:29:29","guid":{"rendered":"http:\/\/localhost:8088\/test\/_\/fasano_wordpress\/?page_id=578"},"modified":"2023-08-07T06:29:29","modified_gmt":"2023-08-07T09:29:29","slug":"dpo","status":"publish","type":"page","link":"https:\/\/fasano.com.br\/en\/dpo\/","title":{"rendered":"DPO"},"content":{"rendered":"<p>DPO \u00e9 uma sigla em ingl\u00eas para Data Protection Officer, em portugu\u00eas, significa Encarregado pelo Tratamento de Dados Pessoais. \u00c9 um cargo requerido pela Lei Geral de Prote\u00e7\u00e3o de Dados \u2013 Lei no. 13.709\/18, para toda empresa que realiza tratamento de dados, \u00e9 o canal de comunica\u00e7\u00e3o entre o Controlador, os titulares de dados e a Autoridade Nacional de Prote\u00e7\u00e3o de Dados-ANPD.<\/p>\n<p>Encarregado pelo Tratamento de Dados Pessoais \u2013 DPO:<\/p>\n<p>Jo\u00e3o Alves Meira Neto: dpolgpd@jhsf.com.br<\/p>\n","protected":false},"excerpt":{"rendered":"<p>DPO \u00e9 uma sigla em ingl\u00eas para Data Protection Officer, em portugu\u00eas, significa Encarregado pelo Tratamento de Dados Pessoais. \u00c9 um cargo requerido pela Lei Geral de Prote\u00e7\u00e3o de Dados \u2013 Lei no. 13.709\/18, para toda empresa que realiza tratamento de dados, \u00e9 o canal de comunica\u00e7\u00e3o entre o Controlador, os titulares de dados e<a href=\"https:\/\/fasano.com.br\/en\/dpo\/\">Continue reading <span class=\"sr-only\">&#8220;DPO&#8221;<\/span><\/a><\/p>\n","protected":false},"author":36,"featured_media":0,"parent":0,"menu_order":0,"comment_status":"closed","ping_status":"closed","template":"template-privacy.php","meta":{"inline_featured_image":false,"footnotes":""},"class_list":["post-578","page","type-page","status-publish","hentry"],"acf":[],"_links":{"self":[{"href":"https:\/\/fasano.com.br\/en\/wp-json\/wp\/v2\/pages\/578","targetHints":{"allow":["GET"]}}],"collection":[{"href":"https:\/\/fasano.com.br\/en\/wp-json\/wp\/v2\/pages"}],"about":[{"href":"https:\/\/fasano.com.br\/en\/wp-json\/wp\/v2\/types\/page"}],"author":[{"embeddable":true,"href":"https:\/\/fasano.com.br\/en\/wp-json\/wp\/v2\/users\/36"}],"replies":[{"embeddable":true,"href":"https:\/\/fasano.com.br\/en\/wp-json\/wp\/v2\/comments?post=578"}],"version-history":[{"count":1,"href":"https:\/\/fasano.com.br\/en\/wp-json\/wp\/v2\/pages\/578\/revisions"}],"predecessor-version":[{"id":579,"href":"https:\/\/fasano.com.br\/en\/wp-json\/wp\/v2\/pages\/578\/revisions\/579"}],"wp:attachment":[{"href":"https:\/\/fasano.com.br\/en\/wp-json\/wp\/v2\/media?parent=578"}],"curies":[{"name":"wp","href":"https:\/\/api.w.org\/{rel}","templated":true}]}}